{"id":11,"date":"2014-11-21T11:25:44","date_gmt":"2014-11-21T11:25:44","guid":{"rendered":"http:\/\/argensolaformacion.com\/?page_id=11"},"modified":"2014-11-21T13:13:45","modified_gmt":"2014-11-21T13:13:45","slug":"inicio","status":"publish","type":"page","link":"https:\/\/argensolaformacion.com\/","title":{"rendered":"Home"},"content":{"rendered":"<p>[vc_row][vc_column width=\u00bb1\/1&#8243;]<div class=\"avt_masterslider_el \" >\n\t\t<!-- MasterSlider -->\n\t\t<div id=\"P_MS6a0943ec12b1d\" class=\"master-slider-parent ms-parent-id-2\"  >\n\t\t\t\t\n\t\t\t\n\t\t\t<!-- MasterSlider Main -->\n\t\t\t<div id=\"MS6a0943ec12b1d\" class=\"master-slider ms-skin-light-3\" >\n\t\t\t\t \t\t\t\t \n\t\t\t\t<div  class=\"ms-slide\" data-delay=\"5\" data-fill-mode=\"fill\"  >\n\t\t\t\t\t<img decoding=\"async\" src=\"https:\/\/argensolaformacion.com\/wp-content\/plugins\/masterslider\/public\/assets\/js\/blank.gif\" alt=\"\" title=\"\" data-src=\"https:\/\/argensolaformacion.com\/wp-content\/uploads\/2014\/11\/argensola-slide.jpg\" \/>\n\n\t\t\t\t\t<div  class=\"ms-layer  msp-cn-2-3\" style=\"\"  data-effect=\"t(true,150,n,n,-3,n,n,n,n,n,5,0,n,n,n)\" data-duration=\"2050\" data-delay=\"437\" data-ease=\"easeOutQuint\"                data-offset-x=\"-13\" data-offset-y=\"184\" data-origin=\"bc\" >\n<p style=\"text-align: center;\">Queremos mejorar y promover una visi\u00f3n renovadora<br \/>de la salud bucodental<\/p><\/div>\n\n\t\t\t\t\t<div  class=\"ms-layer  msp-cn-2-1\" style=\"\"  data-effect=\"t(true,0,-600,n,-20,n,n,n,1,1,0,-50,n,n,n)\" data-duration=\"1300\"  data-ease=\"easeOutExpo\"                data-offset-x=\"-24\" data-offset-y=\"298\" data-origin=\"bc\" >\nEspecialistas en<br \/>sonrisa gingival<\/div>\n\n\n\t\t\t\t<\/div>\n\t\t\t\t<div  class=\"ms-slide\" data-delay=\"6\" data-fill-mode=\"fill\"  >\n\t\t\t\t\t<img decoding=\"async\" src=\"https:\/\/argensolaformacion.com\/wp-content\/plugins\/masterslider\/public\/assets\/js\/blank.gif\" alt=\"\" title=\"\" data-src=\"https:\/\/argensolaformacion.com\/wp-content\/uploads\/2014\/11\/img2-1500x670.jpg\" \/>\n\n\t\t\t\t\t<div  class=\"ms-layer  msp-cn-2-10\" style=\"\"  data-effect=\"t(true,n,n,n,n,n,n,n,1.5,1.5,n,n,n,n,n)\" data-duration=\"975\"  data-ease=\"easeOutBack\"                data-offset-x=\"271\" data-offset-y=\"241\" data-origin=\"bl\" >\nNuestra prioridad<\/div>\n\n\t\t\t\t\t<div  class=\"ms-layer  msp-cn-2-14\" style=\"\"  data-effect=\"t(true,n,n,n,n,n,n,n,1.5,1.5,n,n,n,n,n)\"  data-delay=\"525\" data-ease=\"easeOutBack\"                data-offset-x=\"271\" data-offset-y=\"191\" data-origin=\"bl\" >\nes el trato con el paciente<\/div>\n\n\t\t\t\t\t<div  class=\"ms-layer  msp-cn-2-8\" style=\"\"  data-effect=\"t(true,n,n,n,n,n,n,n,1.5,1.5,n,n,n,n,n)\"  data-delay=\"900\" data-ease=\"easeOutBack\"                data-offset-x=\"282\" data-offset-y=\"113\" data-origin=\"bl\" >\nBuscamos ofrecer tratamientos personalizados<br \/>ajustados a las necesidades del paciente<\/div>\n\n\n\t\t\t\t<\/div>\n\t\t\t\t<div  class=\"ms-slide\" data-delay=\"6\" data-fill-mode=\"fill\"  >\n\t\t\t\t\t<img decoding=\"async\" src=\"https:\/\/argensolaformacion.com\/wp-content\/plugins\/masterslider\/public\/assets\/js\/blank.gif\" alt=\"\" title=\"\" data-src=\"https:\/\/argensolaformacion.com\/wp-content\/uploads\/2014\/11\/img1-1500x670.jpg\" \/>\n\n\t\t\t\t\t<div  class=\"ms-layer  msp-cn-2-16\" style=\"\"  data-effect=\"t(true,n,n,n,n,n,n,n,1.5,1.5,n,n,n,n,n)\" data-duration=\"975\"  data-ease=\"easeOutBack\"                data-offset-x=\"165\" data-offset-y=\"151\" data-origin=\"tl\" >\nNuestra meta,<\/div>\n\n\t\t\t\t\t<div  class=\"ms-layer  msp-cn-2-17\" style=\"\"  data-effect=\"t(true,n,n,n,n,n,n,n,1.5,1.5,n,n,n,n,n)\"  data-delay=\"525\" data-ease=\"easeOutBack\"                data-offset-x=\"165\" data-offset-y=\"198\" data-origin=\"tl\" >\nla excelencia<\/div>\n\n\t\t\t\t\t<div  class=\"ms-layer  msp-cn-2-15\" style=\"\"  data-effect=\"t(true,n,n,n,n,n,n,n,1.5,1.5,n,n,n,n,n)\"  data-delay=\"900\" data-ease=\"easeOutBack\"                data-offset-x=\"172\" data-offset-y=\"302\" data-origin=\"tl\" >\nTodos los dentistas que desarrollan<br \/>su trabajo en nuestras instalaciones<br \/>son especialistas titulados en las diferentes<br \/>\u00e1reas de la odontolog\u00eda,\u00a0clave para<br \/>proporcionar la mayor informaci\u00f3n adecuada<br \/>para tomar las mejores decisiones.<\/div>\n\n\n\t\t\t\t<\/div>\n\n\t\t\t<\/div>\n\t\t\t<!-- END MasterSlider Main -->\n\n\t\t\t \n\t\t<\/div>\n\t\t<!-- END MasterSlider --> \n\t\t\n\t\t<script>\n\t\t(function ( $ ) {\n\t\t\t\"use strict\";\n\n\t\t\t$(function () {\n\t\t\t\tvar masterslider_2b1d = new MasterSlider();\n\n\t\t\t\t\/\/ slider controls\n\t\t\t\tmasterslider_2b1d.control('arrows'     ,{ autohide:true, overVideo:true  });                    \n\t\t\t\tmasterslider_2b1d.control('bullets'    ,{ autohide:true, overVideo:true, dir:'h', align:'bottom', space:5 , margin:10  });\n\t\t\t\tmasterslider_2b1d.control('circletimer',{ autohide:false, overVideo:true, color:'#272727', radius:10, stroke:2   });\n\t\t\t\tmasterslider_2b1d.control('timebar'    ,{ autohide:false, overVideo:true, align:'bottom', color:'#4c4c4c'  , width:2 });\n\t\t\t\t\/\/ slider setup\n\t\t\t\tmasterslider_2b1d.setup(\"MS6a0943ec12b1d\", {\n\t\t\t\t\t\twidth           : 1500,\n\t\t\t\t\t\theight          : 700,\n\t\t\t\t\t\tspace           : 0,\n\t\t\t\t\t\tstart           : 1,\n\t\t\t\t\t\tgrabCursor      : true,\n\t\t\t\t\t\tswipe           : true,\n\t\t\t\t\t\tmouse           : true,\n\t\t\t\t\t\tlayout          : \"fullscreen\", \n\t\t\t\t\t\twheel           : false,\n\t\t\t\t\t\tautoplay        : true,\n\t\t\t\t\t\tinstantStartLayers:false,\n\t\t\t\t\t\tloop            : true,\n\t\t\t\t\t\tshuffle         : false,\n\t\t\t\t\t\tpreload         : 2,\n\t\t\t\t\t\theightLimit     : true,\n\t\t\t\t\t\tautoHeight      : false,\n\t\t\t\t\t\tsmoothHeight    : true,\n\t\t\t\t\t\tendPause        : false,\n\t\t\t\t\t\toverPause       : true,\n\t\t\t\t\t\tfillMode        : \"fill\", \n\t\t\t\t\t\tcenterControls  : false,\n\t\t\t\t\t\tlayersMode      : \"center\", \n\t\t\t\t\t\thideLayers      : false, \n\t\t\t\t\t\tfullscreenMargin: 0,\n\t\t\t\t\t\tspeed           : 20, \n\t\t\t\t\t\tdir             : \"h\", \n\t\t\t\t\t\tparallaxMode    : 'swipe',\n\t\t\t\t\t\tview            : \"basic\"\n\t\t\t\t});\n\t\t\t\t\n\n\t\t\t\t\n\t\t\t\t$(\"head\").append( \"<link rel='stylesheet' id='ms-fonts'  href='\/\/fonts.googleapis.com\/css?family=Lato:300,regular' type='text\/css' media='all' \/>\" );\n\n\t\t\t\twindow.masterslider_instances = window.masterslider_instances || {};\n\t\t\t\twindow.masterslider_instances[\"2_2b1d\"] = masterslider_2b1d;\n\t\t\t });\n\t\t\t\n\t\t})(jQuery);\n\t\t<\/script> \n\t\t\n<\/div>[\/vc_column][\/vc_row][vc_row][vc_column width=\u00bb1\/1&#8243;][vc_empty_space height=\u00bb32px\u00bb][\/vc_column][\/vc_row][vc_row el_class=\u00bbtj-container mb-xlarge\u00bb][vc_column width=\u00bb1\/1&#8243;]<h2 class=\"bordered \">CALIDAD Y SEGURIDAD<\/h2>[vc_column_text el_class=\u00bbthin-text\u00bb]Una de las mayores premisas de nuestro equipo m\u00e9dico es evitar la transmisi\u00f3n de infecciones directas y cruzadas en nuestro trabajo diario. Disponemos de un \u00e1rea de esterilizaci\u00f3n con autoclaves de \u00faltima generaci\u00f3n clase B, utilizamos la mayor cantidad de material desechable adem\u00e1s de la realizaci\u00f3n de inspecciones bacteriol\u00f3gicas peri\u00f3dicas que nos indican continuamente el grado de asepsia de nuestro centro en Madrid.[\/vc_column_text][\/vc_column][\/vc_row][vc_row el_class=\u00bbtj-container\u00bb row_content_width=\u00bbfullwidth\u00bb][vc_column width=\u00bb1\/4&#8243;]<div class=\"icon-box ib-center ib-boxed\">\r\n\t\t\t\t\t\t<i class=\"ib-icon fa fa-yelp\"><\/i>\r\n\t\t\t\t\t\t<h4 class=\"title\">CURSOS EN ARGENSOLA<\/h4>\r\n\t\t\t\t\t\t<div class=\"contents\">\r\n\t\t\t\t\t\t\t17-18 de octubre (introducci\u00f3n a la est\u00e9tica facial para odontologos)\r\n\t\t\t\t\t\t<\/div>\r\n\t\t\t\t\t<\/div>[\/vc_column][vc_column width=\u00bb1\/4&#8243;]<div class=\"icon-box ib-center ib-boxed\">\r\n\t\t\t\t\t\t<i class=\"ib-icon fa fa-check-square-o\"><\/i>\r\n\t\t\t\t\t\t<h4 class=\"title\">CURSOS EN OTRAS LOCALIZACIONES<\/h4>\r\n\t\t\t\t\t\t<div class=\"contents\">\r\n\t\t\t\t\t\t\t<a href=\"http:\/\/bti-biotechnologyinstitute.com\/es\/formacion\/oferta-formativa\/tecnologia-prgf-endoret\/\">Rejuvenecimiento facial mediante el uso de PRGF Endoret<\/a>\u00a0(Est\u00e9tica)<\/p>\n<p><a href=\"http:\/\/www.xn--purodiseo-s6a.com\/argensolaformacion\/plenido\/\">Introducci\u00f3n a la estetica facial para odontologos<\/a>\u00a0(Est\u00e9tica)<\/p>\n<p>\r\n\t\t\t\t\t\t<\/div>\r\n\t\t\t\t\t<\/div>[\/vc_column][vc_column width=\u00bb1\/4&#8243;]<div class=\"icon-box ib-center ib-boxed\">\r\n\t\t\t\t\t\t<i class=\"ib-icon fa fa-smile-o\"><\/i>\r\n\t\t\t\t\t\t<h4 class=\"title\">EST\u00c9TICA FACIAL<\/h4>\r\n\t\t\t\t\t\t<div class=\"contents\">\r\n\t\t\t\t\t\t\t<\/p>\n<ul>\n<li><a href=\"http:\/\/www.princess-skincare.com\/index.php\/hyaluronic-info.html\">Rellenos con \u00e1cido hialur\u00f3nico<\/a><\/li>\n<li><a href=\"http:\/\/bti-biotechnologyinstitute.com\/es\/medicina-regenerativa\/\">Plasma facial PRGF endoret<\/a><\/li>\n<li>Toxina botul\u00ednica<\/li>\n<li>Sonrisa Gingival<\/li>\n<\/ul>\n<p>\r\n\t\t\t\t\t\t<\/div>\r\n\t\t\t\t\t<\/div>[\/vc_column][vc_column width=\u00bb1\/4&#8243;]<div class=\"icon-box ib-center ib-boxed\">\r\n\t\t\t\t\t\t<i class=\"ib-icon fa fa-undo\"><\/i>\r\n\t\t\t\t\t\t<h4 class=\"title\">EST\u00c9TICA DENTAL<\/h4>\r\n\t\t\t\t\t\t<div class=\"contents\">\r\n\t\t\t\t\t\t\t<\/p>\n<ul>\n<li>Carillas<\/li>\n<li>Blanqueamientos<\/li>\n<li>Coronas de disilicato<\/li>\n<li>Est\u00e9tica de la enc\u00eda<\/li>\n<li>Ortodoncia est\u00e9tica<\/li>\n<\/ul>\n<p>\r\n\t\t\t\t\t\t<\/div>\r\n\t\t\t\t\t<\/div>[\/vc_column][\/vc_row][vc_row][vc_column width=\u00bb1\/1&#8243;][vc_empty_space height=\u00bb32px\u00bb][\/vc_column][\/vc_row][vc_row el_class=\u00bbtj-container mb-xlarge\u00bb][vc_column width=\u00bb1\/1&#8243;]<div class=\"call-to-action\">\r\n\t\t\t\t\t\t<div class=\"col-md-10\">\r\n\t\t\t\t\t\t\t<h2 class=\"action-title\" style='18px;'>\r\n\t\t\t\t\t\t\t\tGracias por elegir nuestra cl\u00ednica dental\r\n\t\t\t\t\t\t\t<\/h2>\r\n\t\t\t\t\t\t<\/div>\r\n\t\t\t\t\t\t<div class=\"col-md-2\">\r\n\t\t\t\t\t\t\t<a class=\"btn btn-toranj\" href=\"http:\/\/192.168.7.105:8888\/_fedriani\/_webs\/009-argensolaformacion2\/web1\/?page_id=38\" target=\"\">CONTACTO<\/a>\r\n\t\t\t\t\t\t<\/div>\r\n\t\t\t\t\t\t<div class=\"clearfix\"><\/div>\r\n\t\t\t\t\t<\/div>[\/vc_column][\/vc_row][vc_row el_class=\u00bbtj-container mb-xlarge\u00bb][vc_column width=\u00bb1\/1&#8243;][vc_separator color=\u00bbgrey\u00bb][\/vc_column][\/vc_row]<\/p>\n","protected":false},"excerpt":{"rendered":"<p>[vc_row][vc_column width=\u00bb1\/1&#8243;][\/vc_column][\/vc_row][vc_row][vc_column width=\u00bb1\/1&#8243;][vc_empty_space height=\u00bb32px\u00bb][\/vc_column][\/vc_row][vc_row el_class=\u00bbtj-container mb-xlarge\u00bb][vc_column width=\u00bb1\/1&#8243;][vc_column_text el_class=\u00bbthin-text\u00bb]Una de las mayores premisas de nuestro equipo m\u00e9dico es evitar la transmisi\u00f3n de infecciones directas y cruzadas en nuestro trabajo diario. Disponemos de un \u00e1rea de esterilizaci\u00f3n con autoclaves de \u00faltima generaci\u00f3n clase B, utilizamos la mayor cantidad de material desechable adem\u00e1s de la realizaci\u00f3n de inspecciones [&hellip;]<\/p>\n","protected":false},"author":1,"featured_media":0,"parent":0,"menu_order":4,"comment_status":"open","ping_status":"open","template":"template-normal-full.php","meta":{"footnotes":""},"class_list":["post-11","page","type-page","status-publish","hentry"],"_links":{"self":[{"href":"https:\/\/argensolaformacion.com\/index.php?rest_route=\/wp\/v2\/pages\/11"}],"collection":[{"href":"https:\/\/argensolaformacion.com\/index.php?rest_route=\/wp\/v2\/pages"}],"about":[{"href":"https:\/\/argensolaformacion.com\/index.php?rest_route=\/wp\/v2\/types\/page"}],"author":[{"embeddable":true,"href":"https:\/\/argensolaformacion.com\/index.php?rest_route=\/wp\/v2\/users\/1"}],"replies":[{"embeddable":true,"href":"https:\/\/argensolaformacion.com\/index.php?rest_route=%2Fwp%2Fv2%2Fcomments&post=11"}],"version-history":[{"count":19,"href":"https:\/\/argensolaformacion.com\/index.php?rest_route=\/wp\/v2\/pages\/11\/revisions"}],"predecessor-version":[{"id":51,"href":"https:\/\/argensolaformacion.com\/index.php?rest_route=\/wp\/v2\/pages\/11\/revisions\/51"}],"wp:attachment":[{"href":"https:\/\/argensolaformacion.com\/index.php?rest_route=%2Fwp%2Fv2%2Fmedia&parent=11"}],"curies":[{"name":"wp","href":"https:\/\/api.w.org\/{rel}","templated":true}]}}