{"id":87,"date":"2014-12-01T10:51:55","date_gmt":"2014-12-01T10:51:55","guid":{"rendered":"http:\/\/argensolaformacion.com\/?page_id=87"},"modified":"2020-05-18T06:20:45","modified_gmt":"2020-05-18T06:20:45","slug":"links","status":"publish","type":"page","link":"https:\/\/argensolaformacion.com\/?page_id=87","title":{"rendered":"Links"},"content":{"rendered":"<p>[vc_row][vc_column]<div class=\"img-container \" ><div class=\"owl-videobg hoverPlay dark-overlay\" \r\n                data-src=\"\"\r\n                data-poster=\"https:\/\/argensolaformacion.com\/wp-content\/uploads\/2014\/12\/ontodoncia2-800x342.jpg\"\"><\/div><div class=\"caption cap-full\">\r\n                        <div class=\"vcenter-wrapper\">\r\n                            <div class=\"cap-lg cap-lg-pushdown vcenter\">\r\n                                <h2 class=\"cap-title allcaps\">Links<\/h2><\/div><\/div><\/div><\/div>[\/vc_column][\/vc_row][vc_row][vc_column][vc_empty_space][vc_column_text]Estamos inscritos en las sociedades dentales m\u00e1s prestigiosas espa\u00f1olas. Trabajamos con los mejores materiales que est\u00e1n disponibles en el mercado as\u00ed como los laboratorios m\u00e1s prestigiosos de la comunidad de Madrid.[\/vc_column_text][vc_empty_space][\/vc_column][\/vc_row][vc_row][vc_column width=\u00bb1\/2&#8243;][vc_text_separator title=\u00bbLaboratorios\u00bb title_align=\u00bbseparator_align_left\u00bb]<ul class=\"vc-item-container list-border list-hover\"><li><a href=\"http:\/\/www.ortodentis.es\/\" target=\"\"><i class=\"fa fa-link\"><\/i>Ortodentis - Laboratorio dental<\/a><\/li><li><a href=\"http:\/\/www.protesisdental-pamaden.com\/\" target=\"\"><i class=\"fa fa-link\"><\/i>Pamaden-Lab - Laboratorio dental<\/a><\/li><\/ul>[\/vc_column][vc_column width=\u00bb1\/2&#8243;][vc_text_separator title=\u00bbColegios oficiales\u00bb title_align=\u00bbseparator_align_left\u00bb]<ul class=\"vc-item-container list-border list-hover\"><li><a href=\"http:\/\/www.coem.org.es\/\" target=\"\"><i class=\"fa fa-link\"><\/i>COEM - Ilustre Colegio de Odont\u00f3logos y Estomat\u00f3logos de la I Regi\u00f3n<\/a><\/li><li><a href=\"https:\/\/www.icomem.es\/\" target=\"\"><i class=\"fa fa-link\"><\/i>ICOMEN - Ilustre Colegio Oficial de M\u00e9dicos de Madrid<\/a><\/li><\/ul>[\/vc_column][\/vc_row][vc_row][vc_column width=\u00bb1\/2&#8243;][vc_text_separator title=\u00bbLaboratorios\u00bb title_align=\u00bbseparator_align_left\u00bb]<ul class=\"vc-item-container list-border list-hover\"><li><a href=\"http:\/\/www.ortodentis.es\/\" target=\"\"><i class=\"fa fa-link\"><\/i>Ortodentis - Laboratorio dental<\/a><\/li><li><a href=\"http:\/\/www.oraldesign.org\/members\/juancarlos.swf\" target=\"\"><i class=\"fa fa-link\"><\/i>Oral Desing - Laboratorio dental<\/a><\/li><li><a href=\"http:\/\/www.protesisdental-pamaden.com\/\" target=\"\"><i class=\"fa fa-link\"><\/i>Pamaden-Lab - Laboratorio dental<\/a><\/li><\/ul>[\/vc_column][vc_column width=\u00bb1\/2&#8243;][vc_text_separator title=\u00bbSociedades Cient\u00edficas\u00bb title_align=\u00bbseparator_align_left\u00bb]<ul class=\"vc-item-container list-border list-hover\"><li><a href=\"http:\/\/www.sepes.org\/\" target=\"\"><i class=\"fa fa-link\"><\/i>SEPES - Sociedad Espa\u00f1ola de Pr\u00f3tesis Estomatol\u00f3gica<\/a><\/li><li><a href=\"http:\/\/www.sepa.es\/\" target=\"\"><i class=\"fa fa-link\"><\/i>SEPA - Sociedad Espa\u00f1ola de Periodoncia y Osteo integraci\u00f3n<\/a><\/li><li><a href=\"http:\/\/www.semo.es\/\" target=\"\"><i class=\"fa fa-link\"><\/i>SEMO - Sociedad Espa\u00f1ola de Materiales Odontol\u00f3gicos<\/a><\/li><li><a href=\"http:\/\/clinicaargensola.es\/enlaces-clinica-dental-argensola.html\/\" target=\"\"><i class=\"fa fa-link\"><\/i>SEDCYDO - Sociedad Espa\u00f1ola de Disfunci\u00f3n Craneomandibular y Dolor Ora facial<\/a><\/li><li><a href=\"http:\/\/www.seoia.com\/\" target=\"\"><i class=\"fa fa-link\"><\/i>SEOIA - Sociedad Espa\u00f1ola de Odontolog\u00eda integrada de Adultos<\/a><\/li><li><a href=\"http:\/\/www.secom.org\/\" target=\"\"><i class=\"fa fa-link\"><\/i>SECOM - Sociedad Espa\u00f1ola Cirug\u00eda Oral y Maxilofacial<\/a><\/li><li><a href=\"http:\/\/www.secibonline.com\/\" target=\"\"><i class=\"fa fa-link\"><\/i>SECIB - Sociedad Espa\u00f1ola Cirug\u00eda Bucal<\/a><\/li><li><a href=\"http:\/\/www.scoi.es\/\" target=\"\"><i class=\"fa fa-link\"><\/i>SCOI - Sociedad Cient\u00edfica de Odontolog\u00eda Implantologica<\/a><\/li><li><a href=\"http:\/\/www.sedo.es\/\" target=\"\"><i class=\"fa fa-link\"><\/i>SEDO - Sociedad Espa\u00f1ola de Ortodoncia<\/a><\/li><li><a href=\"http:\/\/www.infomed.es\/aede\/\" target=\"\"><i class=\"fa fa-link\"><\/i>AEDE - Asociaci\u00f3n Espa\u00f1ola de Endodoncia<\/a><\/li><li><i class=\"fa fa-link\"><\/i>ESCO - Asociaci\u00f3n Espa\u00f1ola de Endodoncia<\/li><\/ul>[\/vc_column][\/vc_row][vc_row][vc_column][\/vc_column][\/vc_row]<\/p>\n","protected":false},"excerpt":{"rendered":"<p>[vc_row][vc_column][\/vc_column][\/vc_row][vc_row][vc_column][vc_empty_space][vc_column_text]Estamos inscritos en las sociedades dentales m\u00e1s prestigiosas espa\u00f1olas. Trabajamos con los mejores materiales que est\u00e1n disponibles en el mercado as\u00ed como los laboratorios m\u00e1s prestigiosos de la comunidad de Madrid.[\/vc_column_text][vc_empty_space][\/vc_column][\/vc_row][vc_row][vc_column width=\u00bb1\/2&#8243;][vc_text_separator title=\u00bbLaboratorios\u00bb title_align=\u00bbseparator_align_left\u00bb][\/vc_column][vc_column width=\u00bb1\/2&#8243;][vc_text_separator title=\u00bbColegios oficiales\u00bb title_align=\u00bbseparator_align_left\u00bb][\/vc_column][\/vc_row][vc_row][vc_column width=\u00bb1\/2&#8243;][vc_text_separator title=\u00bbLaboratorios\u00bb title_align=\u00bbseparator_align_left\u00bb][\/vc_column][vc_column width=\u00bb1\/2&#8243;][vc_text_separator title=\u00bbSociedades Cient\u00edficas\u00bb title_align=\u00bbseparator_align_left\u00bb][\/vc_column][\/vc_row][vc_row][vc_column][\/vc_column][\/vc_row]<\/p>\n","protected":false},"author":1,"featured_media":0,"parent":0,"menu_order":1,"comment_status":"open","ping_status":"open","template":"template-normal-full.php","meta":{"footnotes":""},"class_list":["post-87","page","type-page","status-publish","hentry"],"_links":{"self":[{"href":"https:\/\/argensolaformacion.com\/index.php?rest_route=\/wp\/v2\/pages\/87"}],"collection":[{"href":"https:\/\/argensolaformacion.com\/index.php?rest_route=\/wp\/v2\/pages"}],"about":[{"href":"https:\/\/argensolaformacion.com\/index.php?rest_route=\/wp\/v2\/types\/page"}],"author":[{"embeddable":true,"href":"https:\/\/argensolaformacion.com\/index.php?rest_route=\/wp\/v2\/users\/1"}],"replies":[{"embeddable":true,"href":"https:\/\/argensolaformacion.com\/index.php?rest_route=%2Fwp%2Fv2%2Fcomments&post=87"}],"version-history":[{"count":58,"href":"https:\/\/argensolaformacion.com\/index.php?rest_route=\/wp\/v2\/pages\/87\/revisions"}],"predecessor-version":[{"id":270,"href":"https:\/\/argensolaformacion.com\/index.php?rest_route=\/wp\/v2\/pages\/87\/revisions\/270"}],"wp:attachment":[{"href":"https:\/\/argensolaformacion.com\/index.php?rest_route=%2Fwp%2Fv2%2Fmedia&parent=87"}],"curies":[{"name":"wp","href":"https:\/\/api.w.org\/{rel}","templated":true}]}}